{"id":2121,"date":"2024-09-20T16:31:24","date_gmt":"2024-09-20T16:31:24","guid":{"rendered":"https:\/\/thehunter.tech\/?page_id=2121"},"modified":"2024-09-28T09:27:19","modified_gmt":"2024-09-28T09:27:19","slug":"busqueda-de-ciso","status":"publish","type":"page","link":"https:\/\/thehunter.tech\/en\/busqueda-de-ciso\/","title":{"rendered":"B\u00fasqueda de CISO"},"content":{"rendered":"<div class=\"wp-block-uagb-container uagb-block-76e53dc7 alignfull uagb-is-root-container\">\n<div class=\"wp-block-uagb-container uagb-block-a3c2254b\">\n<div class=\"wp-block-uagb-advanced-heading uagb-block-8921f177\"><div class=\"uagb-separator\"><\/div><h1 class=\"uagb-heading-text\"><strong>Chief Information Security Officer (CISO) Search<\/strong><br><\/h1><\/div>\n<\/div>\n<\/div>\n\n\n\n<div class=\"wp-block-uagb-separator uagb-block-397112e6\"><div class=\"uagb-separator-spacing-wrapper\"><div class=\"wp-block-uagb-separator__inner\" style=\"--my-background-image:\"><\/div><\/div><\/div>\n\n\n\n<div class=\"wp-block-uagb-advanced-heading uagb-block-0937cc63 uag-hide-desktop\"><h2 class=\"uagb-heading-text\">Key Role Characteristics<\/h2><\/div>\n\n\n\n<header class=\"wp-block-uagb-info-box uagb-block-6202b599 uagb-infobox__content-wrap  uagb-infobox-icon-left-title uagb-infobox-left uagb-infobox-image-valign-top wp-block-uagb-info-box--has-margin uag-hide-tab uag-hide-mob\"><div class=\"uagb-infobox-margin-wrapper\"><div class=\"uagb-ifb-content\"><div class=\"uagb-ifb-left-title-image\"><div class=\"uagb-ifb-icon-wrap\"><div class=\"uagb-iconbox-icon-wrap uagb-infobox-shape-squre\"><svg xmlns=\"https:\/\/www.w3.org\/2000\/svg\" viewbox=\"0 0 512 512\"><path d=\"M480.1 160.1L316.3 325.7L186.3 195.7L302.1 80L288.1 66.91C279.6 57.54 264.4 57.54 255 66.91L168.1 152.1C159.6 162.3 144.4 162.3 135 152.1C125.7 143.6 125.7 128.4 135 119L221.1 32.97C249.2 4.853 294.8 4.853 322.9 32.97L336 46.06L351 31.03C386.9-4.849 445.1-4.849 480.1 31.03C516.9 66.91 516.9 125.1 480.1 160.1V160.1zM229.5 412.5C181.5 460.5 120.3 493.2 53.7 506.5L28.71 511.5C20.84 513.1 12.7 510.6 7.03 504.1C1.356 499.3-1.107 491.2 .4662 483.3L5.465 458.3C18.78 391.7 51.52 330.5 99.54 282.5L163.7 218.3L293.7 348.3L229.5 412.5z\"><\/path><\/svg><\/div><\/div><div class=\"uagb-ifb-title-wrap\"><h3 class=\"uagb-ifb-title\">Key Role Characteristics<br><\/h3><\/div><\/div><\/div><\/div><\/header>\n\n\n\n<div class=\"wp-block-group is-layout-grid wp-container-core-group-is-layout-d88a0cef wp-block-group-is-layout-grid\">\n<div class=\"wp-block-columns is-layout-flex wp-container-core-columns-is-layout-28f84493 wp-block-columns-is-layout-flex\">\n<div class=\"wp-block-column has-ast-global-color-4-background-color has-background is-layout-flow wp-block-column-is-layout-flow\" style=\"flex-basis:100%\">\n<div class=\"wp-block-uagb-info-box uagb-block-02826ca6 uagb-infobox__content-wrap  uagb-infobox-icon-above-title uagb-infobox-image-valign-top wp-block-uagb-info-box--has-margin\"><div class=\"uagb-infobox-margin-wrapper\"><div class=\"uagb-ifb-content\"><div class=\"uagb-ifb-title-wrap\"><p class=\"uagb-ifb-title\">Strategic Leadership<\/p><\/div><p class=\"uagb-ifb-desc\">CISOs who act as leaders with a vision that transcends the technical, integrating cyber security into the board agenda.<\/p><\/div><\/div><\/div>\n<\/div>\n<\/div>\n\n\n\n<div class=\"wp-block-uagb-info-box uagb-block-e127e935 uagb-infobox__content-wrap  uagb-infobox-icon-above-title uagb-infobox-image-valign-top\"><div class=\"uagb-ifb-content\"><div class=\"uagb-ifb-title-wrap\"><p class=\"uagb-ifb-title\">Integrated Risk Management<\/p><\/div><p class=\"uagb-ifb-desc\">Ability to manage operational, reputational and financial risks, adapting to a constantly evolving threat landscape.<\/p><\/div><\/div>\n\n\n\n<div class=\"wp-block-uagb-info-box uagb-block-e22c5875 uagb-infobox__content-wrap  uagb-infobox-icon-above-title uagb-infobox-image-valign-top\"><div class=\"uagb-ifb-content\"><div class=\"uagb-ifb-title-wrap\"><p class=\"uagb-ifb-title\">Diversity of Experience<\/p><\/div><p class=\"uagb-ifb-desc\">Professionals who combine deep technical expertise with strategic skills, ready to tackle industry-specific challenges.<\/p><\/div><\/div>\n<\/div>\n\n\n\n<div class=\"wp-block-uagb-info-box uagb-block-23c94b0b uagb-infobox__content-wrap  uagb-infobox-icon-left uagb-infobox-left uagb-infobox-image-valign-top uag-hide-tab uag-hide-mob\"><div class=\"uagb-ifb-icon-wrap\"><div class=\"uagb-iconbox-icon-wrap uagb-infobox-shape-squre\"><svg xmlns=\"https:\/\/www.w3.org\/2000\/svg\" viewbox=\"0 0 512 512\"><path d=\"M480.1 160.1L316.3 325.7L186.3 195.7L302.1 80L288.1 66.91C279.6 57.54 264.4 57.54 255 66.91L168.1 152.1C159.6 162.3 144.4 162.3 135 152.1C125.7 143.6 125.7 128.4 135 119L221.1 32.97C249.2 4.853 294.8 4.853 322.9 32.97L336 46.06L351 31.03C386.9-4.849 445.1-4.849 480.1 31.03C516.9 66.91 516.9 125.1 480.1 160.1V160.1zM229.5 412.5C181.5 460.5 120.3 493.2 53.7 506.5L28.71 511.5C20.84 513.1 12.7 510.6 7.03 504.1C1.356 499.3-1.107 491.2 .4662 483.3L5.465 458.3C18.78 391.7 51.52 330.5 99.54 282.5L163.7 218.3L293.7 348.3L229.5 412.5z\"><\/path><\/svg><\/div><\/div><div class=\"uagb-ifb-content\"><div class=\"uagb-ifb-title-wrap\"><h4 class=\"uagb-ifb-title\">Benefits of Hiring this Role<br><\/h4><\/div><\/div><\/div>\n\n\n\n<div class=\"wp-block-group uag-hide-tab uag-hide-mob is-layout-grid wp-container-core-group-is-layout-d88a0cef wp-block-group-is-layout-grid\">\n<div class=\"wp-block-columns is-layout-flex wp-container-core-columns-is-layout-28f84493 wp-block-columns-is-layout-flex\">\n<div class=\"wp-block-column has-ast-global-color-4-background-color has-background is-layout-flow wp-block-column-is-layout-flow\" style=\"flex-basis:100%\">\n<div class=\"wp-block-uagb-info-box uagb-block-2f1d40f4 uagb-infobox__content-wrap  uagb-infobox-icon-above-title uagb-infobox-image-valign-top\"><div class=\"uagb-ifb-content\"><div class=\"uagb-ifb-title-wrap\"><h3 class=\"uagb-ifb-title\">Strengthening the digital security infrastructure.<\/h3><\/div><div class=\"uagb-ifb-separator\"><\/div><\/div><\/div>\n<\/div>\n<\/div>\n\n\n\n<div class=\"wp-block-uagb-info-box uagb-block-d5709ace uagb-infobox__content-wrap  uagb-infobox-icon-above-title uagb-infobox-image-valign-top\"><div class=\"uagb-ifb-content\"><div class=\"uagb-ifb-title-wrap\"><h3 class=\"uagb-ifb-title\">Strategic alignment of cyber security with corporate objectives.<\/h3><\/div><div class=\"uagb-ifb-separator\"><\/div><\/div><\/div>\n\n\n\n<div class=\"wp-block-uagb-info-box uagb-block-bc6cde97 uagb-infobox__content-wrap  uagb-infobox-icon-above-title uagb-infobox-image-valign-top\"><div class=\"uagb-ifb-content\"><div class=\"uagb-ifb-title-wrap\"><h3 class=\"uagb-ifb-title\">Effective protection against emerging and continuous threats.<\/h3><\/div><div class=\"uagb-ifb-separator\"><\/div><\/div><\/div>\n<\/div>\n\n\n\n<div class=\"wp-block-uagb-advanced-heading uagb-block-e08d31ca uag-hide-desktop\"><h2 class=\"uagb-heading-text\">Benefits of Hiring this Role<\/h2><\/div>\n\n\n\n<div class=\"wp-block-group uag-hide-desktop is-layout-grid wp-container-core-group-is-layout-d88a0cef wp-block-group-is-layout-grid\">\n<div class=\"wp-block-columns is-layout-flex wp-container-core-columns-is-layout-28f84493 wp-block-columns-is-layout-flex\">\n<div class=\"wp-block-column has-ast-global-color-4-background-color has-background is-layout-flow wp-block-column-is-layout-flow\" style=\"flex-basis:100%\">\n<div class=\"wp-block-uagb-info-box uagb-block-21f16183 uagb-infobox__content-wrap  uagb-infobox-icon-above-title uagb-infobox-image-valign-top wp-block-uagb-info-box--has-margin\"><div class=\"uagb-infobox-margin-wrapper\"><div class=\"uagb-ifb-content\"><div class=\"uagb-ifb-title-wrap\"><p class=\"uagb-ifb-title\">Strengthening the digital security infrastructure.<\/p><\/div><\/div><\/div><\/div>\n<\/div>\n<\/div>\n\n\n\n<div class=\"wp-block-uagb-info-box uagb-block-94c970c6 uagb-infobox__content-wrap  uagb-infobox-icon-above-title uagb-infobox-image-valign-top\"><div class=\"uagb-ifb-content\"><div class=\"uagb-ifb-title-wrap\"><p class=\"uagb-ifb-title\">Strategic alignment of cyber security with corporate objectives.<\/p><\/div><\/div><\/div>\n\n\n\n<div class=\"wp-block-uagb-info-box uagb-block-84828410 uagb-infobox__content-wrap  uagb-infobox-icon-above-title uagb-infobox-image-valign-top\"><div class=\"uagb-ifb-content\"><div class=\"uagb-ifb-title-wrap\"><p class=\"uagb-ifb-title\">Effective protection against emerging and continuous threats.<\/p><\/div><\/div><\/div>\n<\/div>\n\n\n\n<div class=\"wp-block-uagb-info-box uagb-block-d5c25115 uagb-infobox__content-wrap  uagb-infobox-icon-left uagb-infobox-left uagb-infobox-image-valign-top uag-hide-tab uag-hide-mob\"><div class=\"uagb-ifb-icon-wrap\"><div class=\"uagb-iconbox-icon-wrap uagb-infobox-shape-squre\"><svg xmlns=\"https:\/\/www.w3.org\/2000\/svg\" viewbox=\"0 0 512 512\"><path d=\"M480.1 160.1L316.3 325.7L186.3 195.7L302.1 80L288.1 66.91C279.6 57.54 264.4 57.54 255 66.91L168.1 152.1C159.6 162.3 144.4 162.3 135 152.1C125.7 143.6 125.7 128.4 135 119L221.1 32.97C249.2 4.853 294.8 4.853 322.9 32.97L336 46.06L351 31.03C386.9-4.849 445.1-4.849 480.1 31.03C516.9 66.91 516.9 125.1 480.1 160.1V160.1zM229.5 412.5C181.5 460.5 120.3 493.2 53.7 506.5L28.71 511.5C20.84 513.1 12.7 510.6 7.03 504.1C1.356 499.3-1.107 491.2 .4662 483.3L5.465 458.3C18.78 391.7 51.52 330.5 99.54 282.5L163.7 218.3L293.7 348.3L229.5 412.5z\"><\/path><\/svg><\/div><\/div><div class=\"uagb-ifb-content\"><div class=\"uagb-ifb-title-wrap\"><h4 class=\"uagb-ifb-title\">Selection Process<br><\/h4><\/div><\/div><\/div>\n\n\n\n<div class=\"wp-block-group uag-hide-tab uag-hide-mob is-layout-grid wp-container-core-group-is-layout-d88a0cef wp-block-group-is-layout-grid\">\n<div class=\"wp-block-columns is-layout-flex wp-container-core-columns-is-layout-28f84493 wp-block-columns-is-layout-flex\">\n<div class=\"wp-block-column has-ast-global-color-4-background-color has-background is-layout-flow wp-block-column-is-layout-flow\" style=\"flex-basis:100%\">\n<div class=\"wp-block-uagb-info-box uagb-block-28fb926b uagb-infobox__content-wrap  uagb-infobox-icon-above-title uagb-infobox-image-valign-top\"><div class=\"uagb-ifb-content\"><div class=\"uagb-ifb-title-wrap\"><h3 class=\"uagb-ifb-title\">Customised assessment based on specific challenges and business culture.<\/h3><\/div><div class=\"uagb-ifb-separator\"><\/div><\/div><\/div>\n<\/div>\n<\/div>\n\n\n\n<div class=\"wp-block-uagb-info-box uagb-block-9cba829d uagb-infobox__content-wrap  uagb-infobox-icon-above-title uagb-infobox-image-valign-top\"><div class=\"uagb-ifb-content\"><div class=\"uagb-ifb-title-wrap\"><h3 class=\"uagb-ifb-title\">Structured interviews emphasising leadership and strategic vision.<\/h3><\/div><div class=\"uagb-ifb-separator\"><\/div><\/div><\/div>\n\n\n\n<div class=\"wp-block-uagb-info-box uagb-block-f76f7091 uagb-infobox__content-wrap  uagb-infobox-icon-above-title uagb-infobox-image-valign-top\"><div class=\"uagb-ifb-content\"><div class=\"uagb-ifb-title-wrap\"><h3 class=\"uagb-ifb-title\">Background and reference checks to ensure integrity and competence.<\/h3><\/div><div class=\"uagb-ifb-separator\"><\/div><\/div><\/div>\n<\/div>\n\n\n\n<div class=\"wp-block-uagb-advanced-heading uagb-block-b8253d7f uag-hide-desktop\"><h2 class=\"uagb-heading-text\">Selection Process<\/h2><\/div>\n\n\n\n<div class=\"wp-block-group uag-hide-desktop is-layout-grid wp-container-core-group-is-layout-d88a0cef wp-block-group-is-layout-grid\">\n<div class=\"wp-block-columns is-layout-flex wp-container-core-columns-is-layout-28f84493 wp-block-columns-is-layout-flex\">\n<div class=\"wp-block-column has-ast-global-color-4-background-color has-background is-layout-flow wp-block-column-is-layout-flow\" style=\"flex-basis:100%\">\n<div class=\"wp-block-uagb-info-box uagb-block-806550c0 uagb-infobox__content-wrap  uagb-infobox-icon-above-title uagb-infobox-image-valign-top wp-block-uagb-info-box--has-margin\"><div class=\"uagb-infobox-margin-wrapper\"><div class=\"uagb-ifb-content\"><div class=\"uagb-ifb-title-wrap\"><p class=\"uagb-ifb-title\">Customised assessment based on specific challenges and business culture.<\/p><\/div><\/div><\/div><\/div>\n<\/div>\n<\/div>\n\n\n\n<div class=\"wp-block-uagb-info-box uagb-block-c4bc666e uagb-infobox__content-wrap  uagb-infobox-icon-above-title uagb-infobox-image-valign-top\"><div class=\"uagb-ifb-content\"><div class=\"uagb-ifb-title-wrap\"><p class=\"uagb-ifb-title\">Structured interviews emphasising leadership and strategic vision.<\/p><\/div><\/div><\/div>\n\n\n\n<div class=\"wp-block-uagb-info-box uagb-block-cc12fe4d uagb-infobox__content-wrap  uagb-infobox-icon-above-title uagb-infobox-image-valign-top\"><div class=\"uagb-ifb-content\"><div class=\"uagb-ifb-title-wrap\"><p class=\"uagb-ifb-title\">Background and reference checks to ensure integrity and competence.<\/p><\/div><\/div><\/div>\n<\/div>\n\n\n\n<div class=\"wp-block-uagb-container uagb-block-f5d22576 alignfull uagb-is-root-container\">\n<div class=\"wp-block-uagb-container uagb-block-a4b5f130\">\n<h2 class=\"wp-block-heading\" style=\"font-size:32px\">Our commitment at TheHunter.tech is to find cybersecurity leaders who not only understand the technical challenges, but also design and implement <mark style=\"background-color:rgba(0, 0, 0, 0)\" class=\"has-inline-color has-ast-global-color-4-color\">effective protection strategies.<\/mark>.<\/h2>\n<\/div>\n<\/div>\n\n\n\n<p><\/p>\n\n\n\n<p><\/p>\n\n\n\n<p><\/p>\n\n\n\n<p><\/p>\n\n\n\n<p><\/p>\n\n\n\n<p><\/p>","protected":false},"excerpt":{"rendered":"<p>B\u00fasqueda de Chief Information Security Officer (CISO) Caracter\u00edsticas Clave del Rol Beneficios de Contratar este Rol Proceso de Selecci\u00f3n Nuestro compromiso en TheHunter.tech es encontrar l\u00edderes de ciberseguridad que no solo comprendan los desaf\u00edos t\u00e9cnicos, sino que tambi\u00e9n dise\u00f1en e implementen estrategias de protecci\u00f3n efectivas.<\/p>","protected":false},"author":1,"featured_media":0,"parent":0,"menu_order":0,"comment_status":"closed","ping_status":"closed","template":"","meta":{"_uag_custom_page_level_css":"","site-sidebar-layout":"default","site-content-layout":"","ast-site-content-layout":"default","site-content-style":"default","site-sidebar-style":"default","ast-global-header-display":"","ast-banner-title-visibility":"","ast-main-header-display":"","ast-hfb-above-header-display":"","ast-hfb-below-header-display":"","ast-hfb-mobile-header-display":"","site-post-title":"disabled","ast-breadcrumbs-content":"","ast-featured-img":"","footer-sml-layout":"","ast-disable-related-posts":"","theme-transparent-header-meta":"","adv-header-id-meta":"","stick-header-meta":"","header-above-stick-meta":"","header-main-stick-meta":"","header-below-stick-meta":"","astra-migrate-meta-layouts":"set","ast-page-background-enabled":"default","ast-page-background-meta":{"desktop":{"background-color":"var(--ast-global-color-4)","background-image":"","background-repeat":"repeat","background-position":"center center","background-size":"auto","background-attachment":"scroll","background-type":"","background-media":"","overlay-type":"","overlay-color":"","overlay-opacity":"","overlay-gradient":""},"tablet":{"background-color":"","background-image":"","background-repeat":"repeat","background-position":"center center","background-size":"auto","background-attachment":"scroll","background-type":"","background-media":"","overlay-type":"","overlay-color":"","overlay-opacity":"","overlay-gradient":""},"mobile":{"background-color":"","background-image":"","background-repeat":"repeat","background-position":"center center","background-size":"auto","background-attachment":"scroll","background-type":"","background-media":"","overlay-type":"","overlay-color":"","overlay-opacity":"","overlay-gradient":""}},"ast-content-background-meta":{"desktop":{"background-color":"var(--ast-global-color-5)","background-image":"","background-repeat":"repeat","background-position":"center center","background-size":"auto","background-attachment":"scroll","background-type":"","background-media":"","overlay-type":"","overlay-color":"","overlay-opacity":"","overlay-gradient":""},"tablet":{"background-color":"var(--ast-global-color-5)","background-image":"","background-repeat":"repeat","background-position":"center center","background-size":"auto","background-attachment":"scroll","background-type":"","background-media":"","overlay-type":"","overlay-color":"","overlay-opacity":"","overlay-gradient":""},"mobile":{"background-color":"var(--ast-global-color-5)","background-image":"","background-repeat":"repeat","background-position":"center center","background-size":"auto","background-attachment":"scroll","background-type":"","background-media":"","overlay-type":"","overlay-color":"","overlay-opacity":"","overlay-gradient":""}},"footnotes":""},"class_list":["post-2121","page","type-page","status-publish","hentry"],"yoast_head":"<!-- This site is optimized with the Yoast SEO plugin v27.4 - https:\/\/yoast.com\/product\/yoast-seo-wordpress\/ -->\n<title>B\u00fasqueda de CISO - TheHunter.tech<\/title>\n<meta name=\"robots\" content=\"index, follow, max-snippet:-1, max-image-preview:large, max-video-preview:-1\" \/>\n<link rel=\"canonical\" href=\"https:\/\/thehunter.tech\/en\/busqueda-de-ciso\/\" \/>\n<meta property=\"og:locale\" content=\"en_GB\" \/>\n<meta property=\"og:type\" content=\"article\" \/>\n<meta property=\"og:title\" content=\"B\u00fasqueda de CISO - TheHunter.tech\" \/>\n<meta property=\"og:description\" content=\"B\u00fasqueda de Chief Information Security Officer (CISO) Caracter\u00edsticas Clave del Rol Beneficios de Contratar este Rol Proceso de Selecci\u00f3n Nuestro compromiso en TheHunter.tech es encontrar l\u00edderes de ciberseguridad que no solo comprendan los desaf\u00edos t\u00e9cnicos, sino que tambi\u00e9n dise\u00f1en e implementen estrategias de protecci\u00f3n efectivas.\" \/>\n<meta property=\"og:url\" content=\"https:\/\/thehunter.tech\/en\/busqueda-de-ciso\/\" \/>\n<meta property=\"og:site_name\" content=\"TheHunter.tech\" \/>\n<meta property=\"article:modified_time\" content=\"2024-09-28T09:27:19+00:00\" \/>\n<meta name=\"twitter:card\" content=\"summary_large_image\" \/>\n<meta name=\"twitter:label1\" content=\"Estimated reading time\" \/>\n\t<meta name=\"twitter:data1\" content=\"2 minutes\" \/>\n<script type=\"application\/ld+json\" class=\"yoast-schema-graph\">{\"@context\":\"https:\\\/\\\/schema.org\",\"@graph\":[{\"@type\":\"WebPage\",\"@id\":\"https:\\\/\\\/thehunter.tech\\\/busqueda-de-ciso\\\/\",\"url\":\"https:\\\/\\\/thehunter.tech\\\/busqueda-de-ciso\\\/\",\"name\":\"B\u00fasqueda de CISO - TheHunter.tech\",\"isPartOf\":{\"@id\":\"https:\\\/\\\/thehunter.tech\\\/#website\"},\"datePublished\":\"2024-09-20T16:31:24+00:00\",\"dateModified\":\"2024-09-28T09:27:19+00:00\",\"breadcrumb\":{\"@id\":\"https:\\\/\\\/thehunter.tech\\\/busqueda-de-ciso\\\/#breadcrumb\"},\"inLanguage\":\"en-GB\",\"potentialAction\":[{\"@type\":\"ReadAction\",\"target\":[\"https:\\\/\\\/thehunter.tech\\\/busqueda-de-ciso\\\/\"]}]},{\"@type\":\"BreadcrumbList\",\"@id\":\"https:\\\/\\\/thehunter.tech\\\/busqueda-de-ciso\\\/#breadcrumb\",\"itemListElement\":[{\"@type\":\"ListItem\",\"position\":1,\"name\":\"Home\",\"item\":\"https:\\\/\\\/thehunter.tech\\\/\"},{\"@type\":\"ListItem\",\"position\":2,\"name\":\"B\u00fasqueda de CISO\"}]},{\"@type\":\"WebSite\",\"@id\":\"https:\\\/\\\/thehunter.tech\\\/#website\",\"url\":\"https:\\\/\\\/thehunter.tech\\\/\",\"name\":\"TheHunter.tech\",\"description\":\"\",\"publisher\":{\"@id\":\"https:\\\/\\\/thehunter.tech\\\/#organization\"},\"potentialAction\":[{\"@type\":\"SearchAction\",\"target\":{\"@type\":\"EntryPoint\",\"urlTemplate\":\"https:\\\/\\\/thehunter.tech\\\/?s={search_term_string}\"},\"query-input\":{\"@type\":\"PropertyValueSpecification\",\"valueRequired\":true,\"valueName\":\"search_term_string\"}}],\"inLanguage\":\"en-GB\"},{\"@type\":\"Organization\",\"@id\":\"https:\\\/\\\/thehunter.tech\\\/#organization\",\"name\":\"TheHunter.tech\",\"url\":\"https:\\\/\\\/thehunter.tech\\\/\",\"logo\":{\"@type\":\"ImageObject\",\"inLanguage\":\"en-GB\",\"@id\":\"https:\\\/\\\/thehunter.tech\\\/#\\\/schema\\\/logo\\\/image\\\/\",\"url\":\"https:\\\/\\\/thehunter.tech\\\/wp-content\\\/uploads\\\/2024\\\/09\\\/cropped-THT-logo-web.png\",\"contentUrl\":\"https:\\\/\\\/thehunter.tech\\\/wp-content\\\/uploads\\\/2024\\\/09\\\/cropped-THT-logo-web.png\",\"width\":2150,\"height\":1067,\"caption\":\"TheHunter.tech\"},\"image\":{\"@id\":\"https:\\\/\\\/thehunter.tech\\\/#\\\/schema\\\/logo\\\/image\\\/\"}}]}<\/script>\n<!-- \/ Yoast SEO plugin. -->","yoast_head_json":{"title":"B\u00fasqueda de CISO - TheHunter.tech","robots":{"index":"index","follow":"follow","max-snippet":"max-snippet:-1","max-image-preview":"max-image-preview:large","max-video-preview":"max-video-preview:-1"},"canonical":"https:\/\/thehunter.tech\/en\/busqueda-de-ciso\/","og_locale":"en_GB","og_type":"article","og_title":"B\u00fasqueda de CISO - TheHunter.tech","og_description":"B\u00fasqueda de Chief Information Security Officer (CISO) Caracter\u00edsticas Clave del Rol Beneficios de Contratar este Rol Proceso de Selecci\u00f3n Nuestro compromiso en TheHunter.tech es encontrar l\u00edderes de ciberseguridad que no solo comprendan los desaf\u00edos t\u00e9cnicos, sino que tambi\u00e9n dise\u00f1en e implementen estrategias de protecci\u00f3n efectivas.","og_url":"https:\/\/thehunter.tech\/en\/busqueda-de-ciso\/","og_site_name":"TheHunter.tech","article_modified_time":"2024-09-28T09:27:19+00:00","twitter_card":"summary_large_image","twitter_misc":{"Estimated reading time":"2 minutes"},"schema":{"@context":"https:\/\/schema.org","@graph":[{"@type":"WebPage","@id":"https:\/\/thehunter.tech\/busqueda-de-ciso\/","url":"https:\/\/thehunter.tech\/busqueda-de-ciso\/","name":"B\u00fasqueda de CISO - TheHunter.tech","isPartOf":{"@id":"https:\/\/thehunter.tech\/#website"},"datePublished":"2024-09-20T16:31:24+00:00","dateModified":"2024-09-28T09:27:19+00:00","breadcrumb":{"@id":"https:\/\/thehunter.tech\/busqueda-de-ciso\/#breadcrumb"},"inLanguage":"en-GB","potentialAction":[{"@type":"ReadAction","target":["https:\/\/thehunter.tech\/busqueda-de-ciso\/"]}]},{"@type":"BreadcrumbList","@id":"https:\/\/thehunter.tech\/busqueda-de-ciso\/#breadcrumb","itemListElement":[{"@type":"ListItem","position":1,"name":"Home","item":"https:\/\/thehunter.tech\/"},{"@type":"ListItem","position":2,"name":"B\u00fasqueda de CISO"}]},{"@type":"WebSite","@id":"https:\/\/thehunter.tech\/#website","url":"https:\/\/thehunter.tech\/","name":"TheHunter.tech","description":"","publisher":{"@id":"https:\/\/thehunter.tech\/#organization"},"potentialAction":[{"@type":"SearchAction","target":{"@type":"EntryPoint","urlTemplate":"https:\/\/thehunter.tech\/?s={search_term_string}"},"query-input":{"@type":"PropertyValueSpecification","valueRequired":true,"valueName":"search_term_string"}}],"inLanguage":"en-GB"},{"@type":"Organization","@id":"https:\/\/thehunter.tech\/#organization","name":"TheHunter.tech","url":"https:\/\/thehunter.tech\/","logo":{"@type":"ImageObject","inLanguage":"en-GB","@id":"https:\/\/thehunter.tech\/#\/schema\/logo\/image\/","url":"https:\/\/thehunter.tech\/wp-content\/uploads\/2024\/09\/cropped-THT-logo-web.png","contentUrl":"https:\/\/thehunter.tech\/wp-content\/uploads\/2024\/09\/cropped-THT-logo-web.png","width":2150,"height":1067,"caption":"TheHunter.tech"},"image":{"@id":"https:\/\/thehunter.tech\/#\/schema\/logo\/image\/"}}]}},"uagb_featured_image_src":{"full":false,"thumbnail":false,"medium":false,"medium_large":false,"large":false,"1536x1536":false,"2048x2048":false,"trp-custom-language-flag":false,"woocommerce_thumbnail":false,"woocommerce_single":false,"woocommerce_gallery_thumbnail":false},"uagb_author_info":{"display_name":"thehuntertech","author_link":"https:\/\/thehunter.tech\/en\/author\/thehuntertech\/"},"uagb_comment_info":0,"uagb_excerpt":"B\u00fasqueda de Chief Information Security Officer (CISO) Caracter\u00edsticas Clave del Rol Beneficios de Contratar este Rol Proceso de Selecci\u00f3n Nuestro compromiso en TheHunter.tech es encontrar l\u00edderes de ciberseguridad que no solo comprendan los desaf\u00edos t\u00e9cnicos, sino que tambi\u00e9n dise\u00f1en e implementen estrategias de protecci\u00f3n efectivas.","_links":{"self":[{"href":"https:\/\/thehunter.tech\/en\/wp-json\/wp\/v2\/pages\/2121","targetHints":{"allow":["GET"]}}],"collection":[{"href":"https:\/\/thehunter.tech\/en\/wp-json\/wp\/v2\/pages"}],"about":[{"href":"https:\/\/thehunter.tech\/en\/wp-json\/wp\/v2\/types\/page"}],"author":[{"embeddable":true,"href":"https:\/\/thehunter.tech\/en\/wp-json\/wp\/v2\/users\/1"}],"replies":[{"embeddable":true,"href":"https:\/\/thehunter.tech\/en\/wp-json\/wp\/v2\/comments?post=2121"}],"version-history":[{"count":3,"href":"https:\/\/thehunter.tech\/en\/wp-json\/wp\/v2\/pages\/2121\/revisions"}],"predecessor-version":[{"id":2715,"href":"https:\/\/thehunter.tech\/en\/wp-json\/wp\/v2\/pages\/2121\/revisions\/2715"}],"wp:attachment":[{"href":"https:\/\/thehunter.tech\/en\/wp-json\/wp\/v2\/media?parent=2121"}],"curies":[{"name":"wp","href":"https:\/\/api.w.org\/{rel}","templated":true}]}}