{"id":2126,"date":"2024-09-20T16:42:48","date_gmt":"2024-09-20T16:42:48","guid":{"rendered":"https:\/\/thehunter.tech\/?page_id=2126"},"modified":"2024-09-28T09:34:11","modified_gmt":"2024-09-28T09:34:11","slug":"busqueda-de-cto","status":"publish","type":"page","link":"https:\/\/thehunter.tech\/en\/busqueda-de-cto\/","title":{"rendered":"Busqueda de CTO"},"content":{"rendered":"<div class=\"wp-block-uagb-container uagb-block-76e53dc7 alignfull uagb-is-root-container\">\n<div class=\"wp-block-uagb-container uagb-block-a3c2254b\">\n<div class=\"wp-block-uagb-advanced-heading uagb-block-8921f177\"><div class=\"uagb-separator\"><\/div><h1 class=\"uagb-heading-text\"><strong>Chief Technology Officer (CTO) Search<\/strong><br><\/h1><\/div>\n<\/div>\n<\/div>\n\n\n\n<div class=\"wp-block-uagb-separator uagb-block-397112e6\"><div class=\"uagb-separator-spacing-wrapper\"><div class=\"wp-block-uagb-separator__inner\" style=\"--my-background-image:\"><\/div><\/div><\/div>\n\n\n\n<div class=\"wp-block-uagb-advanced-heading uagb-block-0937cc63 uag-hide-desktop\"><h2 class=\"uagb-heading-text\">Key Role Characteristics<\/h2><\/div>\n\n\n\n<header class=\"wp-block-uagb-info-box uagb-block-6202b599 uagb-infobox__content-wrap  uagb-infobox-icon-left-title uagb-infobox-left uagb-infobox-image-valign-top wp-block-uagb-info-box--has-margin uag-hide-tab uag-hide-mob\"><div class=\"uagb-infobox-margin-wrapper\"><div class=\"uagb-ifb-content\"><div class=\"uagb-ifb-left-title-image\"><div class=\"uagb-ifb-icon-wrap\"><div class=\"uagb-iconbox-icon-wrap uagb-infobox-shape-squre\"><svg xmlns=\"https:\/\/www.w3.org\/2000\/svg\" viewbox=\"0 0 512 512\"><path d=\"M480.1 160.1L316.3 325.7L186.3 195.7L302.1 80L288.1 66.91C279.6 57.54 264.4 57.54 255 66.91L168.1 152.1C159.6 162.3 144.4 162.3 135 152.1C125.7 143.6 125.7 128.4 135 119L221.1 32.97C249.2 4.853 294.8 4.853 322.9 32.97L336 46.06L351 31.03C386.9-4.849 445.1-4.849 480.1 31.03C516.9 66.91 516.9 125.1 480.1 160.1V160.1zM229.5 412.5C181.5 460.5 120.3 493.2 53.7 506.5L28.71 511.5C20.84 513.1 12.7 510.6 7.03 504.1C1.356 499.3-1.107 491.2 .4662 483.3L5.465 458.3C18.78 391.7 51.52 330.5 99.54 282.5L163.7 218.3L293.7 348.3L229.5 412.5z\"><\/path><\/svg><\/div><\/div><div class=\"uagb-ifb-title-wrap\"><h3 class=\"uagb-ifb-title\">Key Role Characteristics<br><\/h3><\/div><\/div><\/div><\/div><\/header>\n\n\n\n<div class=\"wp-block-group is-layout-grid wp-container-core-group-is-layout-d88a0cef wp-block-group-is-layout-grid\">\n<div class=\"wp-block-columns is-layout-flex wp-container-core-columns-is-layout-28f84493 wp-block-columns-is-layout-flex\">\n<div class=\"wp-block-column has-ast-global-color-4-background-color has-background is-layout-flow wp-block-column-is-layout-flow\" style=\"flex-basis:100%\">\n<div class=\"wp-block-uagb-info-box uagb-block-02826ca6 uagb-infobox__content-wrap  uagb-infobox-icon-above-title uagb-infobox-image-valign-top wp-block-uagb-info-box--has-margin\"><div class=\"uagb-infobox-margin-wrapper\"><div class=\"uagb-ifb-content\"><div class=\"uagb-ifb-title-wrap\"><p class=\"uagb-ifb-title\">I<strong>Innovation &amp; Product Development<\/strong><\/p><\/div><p class=\"uagb-ifb-desc\">The CTO leads research and development of new technologies to drive cutting-edge products and services.<\/p><\/div><\/div><\/div>\n<\/div>\n<\/div>\n\n\n\n<div class=\"wp-block-uagb-info-box uagb-block-e127e935 uagb-infobox__content-wrap  uagb-infobox-icon-above-title uagb-infobox-image-valign-top\"><div class=\"uagb-ifb-content\"><div class=\"uagb-ifb-title-wrap\"><p class=\"uagb-ifb-title\">V<strong>Long-Term Technology Vision.<\/strong><\/p><\/div><p class=\"uagb-ifb-desc\">Defines and leads the company's technological strategy, orienting technological development towards the creation of lasting competitive advantages.<\/p><\/div><\/div>\n\n\n\n<div class=\"wp-block-uagb-info-box uagb-block-e22c5875 uagb-infobox__content-wrap  uagb-infobox-icon-above-title uagb-infobox-image-valign-top\"><div class=\"uagb-ifb-content\"><div class=\"uagb-ifb-title-wrap\"><p class=\"uagb-ifb-title\">Collaboration with Teams<\/p><\/div><p class=\"uagb-ifb-desc\">Works closely with product, engineering and development teams to align technology with business objectives.<\/p><\/div><\/div>\n<\/div>\n\n\n\n<div class=\"wp-block-uagb-info-box uagb-block-23c94b0b uagb-infobox__content-wrap  uagb-infobox-icon-left uagb-infobox-left uagb-infobox-image-valign-top uag-hide-tab uag-hide-mob\"><div class=\"uagb-ifb-icon-wrap\"><div class=\"uagb-iconbox-icon-wrap uagb-infobox-shape-squre\"><svg xmlns=\"https:\/\/www.w3.org\/2000\/svg\" viewbox=\"0 0 512 512\"><path d=\"M480.1 160.1L316.3 325.7L186.3 195.7L302.1 80L288.1 66.91C279.6 57.54 264.4 57.54 255 66.91L168.1 152.1C159.6 162.3 144.4 162.3 135 152.1C125.7 143.6 125.7 128.4 135 119L221.1 32.97C249.2 4.853 294.8 4.853 322.9 32.97L336 46.06L351 31.03C386.9-4.849 445.1-4.849 480.1 31.03C516.9 66.91 516.9 125.1 480.1 160.1V160.1zM229.5 412.5C181.5 460.5 120.3 493.2 53.7 506.5L28.71 511.5C20.84 513.1 12.7 510.6 7.03 504.1C1.356 499.3-1.107 491.2 .4662 483.3L5.465 458.3C18.78 391.7 51.52 330.5 99.54 282.5L163.7 218.3L293.7 348.3L229.5 412.5z\"><\/path><\/svg><\/div><\/div><div class=\"uagb-ifb-content\"><div class=\"uagb-ifb-title-wrap\"><h4 class=\"uagb-ifb-title\">Benefits of Hiring this Role<br><\/h4><\/div><\/div><\/div>\n\n\n\n<div class=\"wp-block-group uag-hide-tab uag-hide-mob is-layout-grid wp-container-core-group-is-layout-d88a0cef wp-block-group-is-layout-grid\">\n<div class=\"wp-block-columns is-layout-flex wp-container-core-columns-is-layout-28f84493 wp-block-columns-is-layout-flex\">\n<div class=\"wp-block-column has-ast-global-color-4-background-color has-background is-layout-flow wp-block-column-is-layout-flow\" style=\"flex-basis:100%\">\n<div class=\"wp-block-uagb-info-box uagb-block-2f1d40f4 uagb-infobox__content-wrap  uagb-infobox-icon-above-title uagb-infobox-image-valign-top\"><div class=\"uagb-ifb-content\"><div class=\"uagb-ifb-title-wrap\"><h3 class=\"uagb-ifb-title\">Accelerating technological innovation to maintain competitiveness.<\/h3><\/div><div class=\"uagb-ifb-separator\"><\/div><\/div><\/div>\n<\/div>\n<\/div>\n\n\n\n<div class=\"wp-block-uagb-info-box uagb-block-d5709ace uagb-infobox__content-wrap  uagb-infobox-icon-above-title uagb-infobox-image-valign-top\"><div class=\"uagb-ifb-content\"><div class=\"uagb-ifb-title-wrap\"><h3 class=\"uagb-ifb-title\">Alignment of the technology strategy with the company's long-term objectives.<\/h3><\/div><div class=\"uagb-ifb-separator\"><\/div><\/div><\/div>\n\n\n\n<div class=\"wp-block-uagb-info-box uagb-block-bc6cde97 uagb-infobox__content-wrap  uagb-infobox-icon-above-title uagb-infobox-image-valign-top\"><div class=\"uagb-ifb-content\"><div class=\"uagb-ifb-title-wrap\"><h3 class=\"uagb-ifb-title\">Improved collaboration and efficiency in product development.<\/h3><\/div><div class=\"uagb-ifb-separator\"><\/div><\/div><\/div>\n<\/div>\n\n\n\n<div class=\"wp-block-uagb-advanced-heading uagb-block-e08d31ca uag-hide-desktop\"><h2 class=\"uagb-heading-text\">Benefits of Hiring this Role<\/h2><\/div>\n\n\n\n<div class=\"wp-block-group uag-hide-desktop is-layout-grid wp-container-core-group-is-layout-d88a0cef wp-block-group-is-layout-grid\">\n<div class=\"wp-block-columns is-layout-flex wp-container-core-columns-is-layout-28f84493 wp-block-columns-is-layout-flex\">\n<div class=\"wp-block-column has-ast-global-color-4-background-color has-background is-layout-flow wp-block-column-is-layout-flow\" style=\"flex-basis:100%\">\n<div class=\"wp-block-uagb-info-box uagb-block-21f16183 uagb-infobox__content-wrap  uagb-infobox-icon-above-title uagb-infobox-image-valign-top wp-block-uagb-info-box--has-margin\"><div class=\"uagb-infobox-margin-wrapper\"><div class=\"uagb-ifb-content\"><div class=\"uagb-ifb-title-wrap\"><p class=\"uagb-ifb-title\">Accelerating technological innovation to maintain competitiveness.<\/p><\/div><\/div><\/div><\/div>\n<\/div>\n<\/div>\n\n\n\n<div class=\"wp-block-uagb-info-box uagb-block-94c970c6 uagb-infobox__content-wrap  uagb-infobox-icon-above-title uagb-infobox-image-valign-top\"><div class=\"uagb-ifb-content\"><div class=\"uagb-ifb-title-wrap\"><p class=\"uagb-ifb-title\">Alignment of the technology strategy with the company's long-term objectives.<\/p><\/div><\/div><\/div>\n\n\n\n<div class=\"wp-block-uagb-info-box uagb-block-84828410 uagb-infobox__content-wrap  uagb-infobox-icon-above-title uagb-infobox-image-valign-top\"><div class=\"uagb-ifb-content\"><div class=\"uagb-ifb-title-wrap\"><p class=\"uagb-ifb-title\">Improved collaboration and efficiency in product development.<\/p><\/div><\/div><\/div>\n<\/div>\n\n\n\n<div class=\"wp-block-uagb-info-box uagb-block-d5c25115 uagb-infobox__content-wrap  uagb-infobox-icon-left uagb-infobox-left uagb-infobox-image-valign-top uag-hide-tab uag-hide-mob\"><div class=\"uagb-ifb-icon-wrap\"><div class=\"uagb-iconbox-icon-wrap uagb-infobox-shape-squre\"><svg xmlns=\"https:\/\/www.w3.org\/2000\/svg\" viewbox=\"0 0 512 512\"><path d=\"M480.1 160.1L316.3 325.7L186.3 195.7L302.1 80L288.1 66.91C279.6 57.54 264.4 57.54 255 66.91L168.1 152.1C159.6 162.3 144.4 162.3 135 152.1C125.7 143.6 125.7 128.4 135 119L221.1 32.97C249.2 4.853 294.8 4.853 322.9 32.97L336 46.06L351 31.03C386.9-4.849 445.1-4.849 480.1 31.03C516.9 66.91 516.9 125.1 480.1 160.1V160.1zM229.5 412.5C181.5 460.5 120.3 493.2 53.7 506.5L28.71 511.5C20.84 513.1 12.7 510.6 7.03 504.1C1.356 499.3-1.107 491.2 .4662 483.3L5.465 458.3C18.78 391.7 51.52 330.5 99.54 282.5L163.7 218.3L293.7 348.3L229.5 412.5z\"><\/path><\/svg><\/div><\/div><div class=\"uagb-ifb-content\"><div class=\"uagb-ifb-title-wrap\"><h4 class=\"uagb-ifb-title\">Selection Process<br><\/h4><\/div><\/div><\/div>\n\n\n\n<div class=\"wp-block-group uag-hide-tab uag-hide-mob is-layout-grid wp-container-core-group-is-layout-d88a0cef wp-block-group-is-layout-grid\">\n<div class=\"wp-block-columns is-layout-flex wp-container-core-columns-is-layout-28f84493 wp-block-columns-is-layout-flex\">\n<div class=\"wp-block-column has-ast-global-color-4-background-color has-background is-layout-flow wp-block-column-is-layout-flow\" style=\"flex-basis:100%\">\n<div class=\"wp-block-uagb-info-box uagb-block-28fb926b uagb-infobox__content-wrap  uagb-infobox-icon-above-title uagb-infobox-image-valign-top\"><div class=\"uagb-ifb-content\"><div class=\"uagb-ifb-title-wrap\"><h3 class=\"uagb-ifb-title\">Rigorous assessment based on technical expertise and leadership.<\/h3><\/div><div class=\"uagb-ifb-separator\"><\/div><\/div><\/div>\n<\/div>\n<\/div>\n\n\n\n<div class=\"wp-block-uagb-info-box uagb-block-9cba829d uagb-infobox__content-wrap  uagb-infobox-icon-above-title uagb-infobox-image-valign-top\"><div class=\"uagb-ifb-content\"><div class=\"uagb-ifb-title-wrap\"><h3 class=\"uagb-ifb-title\">Interviews focused on strategic vision and management skills.<\/h3><\/div><div class=\"uagb-ifb-separator\"><\/div><\/div><\/div>\n\n\n\n<div class=\"wp-block-uagb-info-box uagb-block-f76f7091 uagb-infobox__content-wrap  uagb-infobox-icon-above-title uagb-infobox-image-valign-top\"><div class=\"uagb-ifb-content\"><div class=\"uagb-ifb-title-wrap\"><h3 class=\"uagb-ifb-title\">Thorough background and reference checks to ensure compatibility with corporate culture.<\/h3><\/div><div class=\"uagb-ifb-separator\"><\/div><\/div><\/div>\n<\/div>\n\n\n\n<div class=\"wp-block-uagb-advanced-heading uagb-block-b8253d7f uag-hide-desktop\"><h2 class=\"uagb-heading-text\">Selection Process<\/h2><\/div>\n\n\n\n<div class=\"wp-block-group uag-hide-desktop is-layout-grid wp-container-core-group-is-layout-d88a0cef wp-block-group-is-layout-grid\">\n<div class=\"wp-block-columns is-layout-flex wp-container-core-columns-is-layout-28f84493 wp-block-columns-is-layout-flex\">\n<div class=\"wp-block-column has-ast-global-color-4-background-color has-background is-layout-flow wp-block-column-is-layout-flow\" style=\"flex-basis:100%\">\n<div class=\"wp-block-uagb-info-box uagb-block-806550c0 uagb-infobox__content-wrap  uagb-infobox-icon-above-title uagb-infobox-image-valign-top wp-block-uagb-info-box--has-margin\"><div class=\"uagb-infobox-margin-wrapper\"><div class=\"uagb-ifb-content\"><div class=\"uagb-ifb-title-wrap\"><p class=\"uagb-ifb-title\">Rigorous assessment based on technical expertise and leadership.<\/p><\/div><\/div><\/div><\/div>\n<\/div>\n<\/div>\n\n\n\n<div class=\"wp-block-uagb-info-box uagb-block-c4bc666e uagb-infobox__content-wrap  uagb-infobox-icon-above-title uagb-infobox-image-valign-top\"><div class=\"uagb-ifb-content\"><div class=\"uagb-ifb-title-wrap\"><p class=\"uagb-ifb-title\">Interviews focused on strategic vision and management skills.<\/p><\/div><\/div><\/div>\n\n\n\n<div class=\"wp-block-uagb-info-box uagb-block-cc12fe4d uagb-infobox__content-wrap  uagb-infobox-icon-above-title uagb-infobox-image-valign-top\"><div class=\"uagb-ifb-content\"><div class=\"uagb-ifb-title-wrap\"><p class=\"uagb-ifb-title\">Thorough background and reference checks to ensure compatibility with corporate culture.<\/p><\/div><\/div><\/div>\n<\/div>\n\n\n\n<div class=\"wp-block-uagb-container uagb-block-f5d22576 alignfull uagb-is-root-container\">\n<div class=\"wp-block-uagb-container uagb-block-a4b5f130\">\n<h2 class=\"wp-block-heading\" style=\"font-size:32px\">At TheHunter.tech, we specialise in identifying technology leaders who can <mark style=\"background-color:rgba(0, 0, 0, 0)\" class=\"has-inline-color has-ast-global-color-4-color\">drive both operational efficiency and innovation.<\/mark> Our approach ensures that we will find the ideal CTO to take your company to the forefront of technology.<\/h2>\n<\/div>\n<\/div>\n\n\n\n<p><\/p>\n\n\n\n<p><\/p>\n\n\n\n<p><\/p>\n\n\n\n<p><\/p>\n\n\n\n<p><\/p>\n\n\n\n<p><\/p>\n\n\n\n<p><\/p>\n\n\n\n<p><\/p>","protected":false},"excerpt":{"rendered":"<p>B\u00fasqueda de Chief Technology Officer (CTO) Caracter\u00edsticas Clave del Rol Beneficios de Contratar este Rol Proceso de Selecci\u00f3n En TheHunter.tech, nos especializamos en identificar l\u00edderes tecnol\u00f3gicos que puedan impulsar tanto la eficiencia operativa como la innovaci\u00f3n. Nuestro enfoque garantiza que encontraremos al CTO ideal para llevar a tu empresa a la vanguardia tecnol\u00f3gica.<\/p>","protected":false},"author":1,"featured_media":0,"parent":0,"menu_order":0,"comment_status":"closed","ping_status":"closed","template":"","meta":{"_uag_custom_page_level_css":"","site-sidebar-layout":"default","site-content-layout":"","ast-site-content-layout":"default","site-content-style":"default","site-sidebar-style":"default","ast-global-header-display":"","ast-banner-title-visibility":"","ast-main-header-display":"","ast-hfb-above-header-display":"","ast-hfb-below-header-display":"","ast-hfb-mobile-header-display":"","site-post-title":"disabled","ast-breadcrumbs-content":"","ast-featured-img":"","footer-sml-layout":"","ast-disable-related-posts":"","theme-transparent-header-meta":"","adv-header-id-meta":"","stick-header-meta":"","header-above-stick-meta":"","header-main-stick-meta":"","header-below-stick-meta":"","astra-migrate-meta-layouts":"set","ast-page-background-enabled":"default","ast-page-background-meta":{"desktop":{"background-color":"var(--ast-global-color-4)","background-image":"","background-repeat":"repeat","background-position":"center center","background-size":"auto","background-attachment":"scroll","background-type":"","background-media":"","overlay-type":"","overlay-color":"","overlay-opacity":"","overlay-gradient":""},"tablet":{"background-color":"","background-image":"","background-repeat":"repeat","background-position":"center center","background-size":"auto","background-attachment":"scroll","background-type":"","background-media":"","overlay-type":"","overlay-color":"","overlay-opacity":"","overlay-gradient":""},"mobile":{"background-color":"","background-image":"","background-repeat":"repeat","background-position":"center center","background-size":"auto","background-attachment":"scroll","background-type":"","background-media":"","overlay-type":"","overlay-color":"","overlay-opacity":"","overlay-gradient":""}},"ast-content-background-meta":{"desktop":{"background-color":"var(--ast-global-color-5)","background-image":"","background-repeat":"repeat","background-position":"center center","background-size":"auto","background-attachment":"scroll","background-type":"","background-media":"","overlay-type":"","overlay-color":"","overlay-opacity":"","overlay-gradient":""},"tablet":{"background-color":"var(--ast-global-color-5)","background-image":"","background-repeat":"repeat","background-position":"center center","background-size":"auto","background-attachment":"scroll","background-type":"","background-media":"","overlay-type":"","overlay-color":"","overlay-opacity":"","overlay-gradient":""},"mobile":{"background-color":"var(--ast-global-color-5)","background-image":"","background-repeat":"repeat","background-position":"center center","background-size":"auto","background-attachment":"scroll","background-type":"","background-media":"","overlay-type":"","overlay-color":"","overlay-opacity":"","overlay-gradient":""}},"footnotes":""},"class_list":["post-2126","page","type-page","status-publish","hentry"],"yoast_head":"<!-- This site is optimized with the Yoast SEO plugin v27.5 - https:\/\/yoast.com\/product\/yoast-seo-wordpress\/ -->\n<title>Busqueda de CTO - TheHunter.tech<\/title>\n<meta name=\"robots\" content=\"index, follow, max-snippet:-1, max-image-preview:large, max-video-preview:-1\" \/>\n<link rel=\"canonical\" href=\"https:\/\/thehunter.tech\/en\/busqueda-de-cto\/\" \/>\n<meta property=\"og:locale\" content=\"en_GB\" \/>\n<meta property=\"og:type\" content=\"article\" \/>\n<meta property=\"og:title\" content=\"Busqueda de CTO - TheHunter.tech\" \/>\n<meta property=\"og:description\" content=\"B\u00fasqueda de Chief Technology Officer (CTO) Caracter\u00edsticas Clave del Rol Beneficios de Contratar este Rol Proceso de Selecci\u00f3n En TheHunter.tech, nos especializamos en identificar l\u00edderes tecnol\u00f3gicos que puedan impulsar tanto la eficiencia operativa como la innovaci\u00f3n. Nuestro enfoque garantiza que encontraremos al CTO ideal para llevar a tu empresa a la vanguardia tecnol\u00f3gica.\" \/>\n<meta property=\"og:url\" content=\"https:\/\/thehunter.tech\/en\/busqueda-de-cto\/\" \/>\n<meta property=\"og:site_name\" content=\"TheHunter.tech\" \/>\n<meta property=\"article:modified_time\" content=\"2024-09-28T09:34:11+00:00\" \/>\n<meta name=\"twitter:card\" content=\"summary_large_image\" \/>\n<meta name=\"twitter:label1\" content=\"Estimated reading time\" \/>\n\t<meta name=\"twitter:data1\" content=\"2 minutes\" \/>\n<script type=\"application\/ld+json\" class=\"yoast-schema-graph\">{\"@context\":\"https:\\\/\\\/schema.org\",\"@graph\":[{\"@type\":\"WebPage\",\"@id\":\"https:\\\/\\\/thehunter.tech\\\/busqueda-de-cto\\\/\",\"url\":\"https:\\\/\\\/thehunter.tech\\\/busqueda-de-cto\\\/\",\"name\":\"Busqueda de CTO - TheHunter.tech\",\"isPartOf\":{\"@id\":\"https:\\\/\\\/thehunter.tech\\\/#website\"},\"datePublished\":\"2024-09-20T16:42:48+00:00\",\"dateModified\":\"2024-09-28T09:34:11+00:00\",\"breadcrumb\":{\"@id\":\"https:\\\/\\\/thehunter.tech\\\/busqueda-de-cto\\\/#breadcrumb\"},\"inLanguage\":\"en-GB\",\"potentialAction\":[{\"@type\":\"ReadAction\",\"target\":[\"https:\\\/\\\/thehunter.tech\\\/busqueda-de-cto\\\/\"]}]},{\"@type\":\"BreadcrumbList\",\"@id\":\"https:\\\/\\\/thehunter.tech\\\/busqueda-de-cto\\\/#breadcrumb\",\"itemListElement\":[{\"@type\":\"ListItem\",\"position\":1,\"name\":\"Home\",\"item\":\"https:\\\/\\\/thehunter.tech\\\/\"},{\"@type\":\"ListItem\",\"position\":2,\"name\":\"Busqueda de CTO\"}]},{\"@type\":\"WebSite\",\"@id\":\"https:\\\/\\\/thehunter.tech\\\/#website\",\"url\":\"https:\\\/\\\/thehunter.tech\\\/\",\"name\":\"TheHunter.tech\",\"description\":\"\",\"publisher\":{\"@id\":\"https:\\\/\\\/thehunter.tech\\\/#organization\"},\"potentialAction\":[{\"@type\":\"SearchAction\",\"target\":{\"@type\":\"EntryPoint\",\"urlTemplate\":\"https:\\\/\\\/thehunter.tech\\\/?s={search_term_string}\"},\"query-input\":{\"@type\":\"PropertyValueSpecification\",\"valueRequired\":true,\"valueName\":\"search_term_string\"}}],\"inLanguage\":\"en-GB\"},{\"@type\":\"Organization\",\"@id\":\"https:\\\/\\\/thehunter.tech\\\/#organization\",\"name\":\"TheHunter.tech\",\"url\":\"https:\\\/\\\/thehunter.tech\\\/\",\"logo\":{\"@type\":\"ImageObject\",\"inLanguage\":\"en-GB\",\"@id\":\"https:\\\/\\\/thehunter.tech\\\/#\\\/schema\\\/logo\\\/image\\\/\",\"url\":\"https:\\\/\\\/thehunter.tech\\\/wp-content\\\/uploads\\\/2024\\\/09\\\/cropped-THT-logo-web.png\",\"contentUrl\":\"https:\\\/\\\/thehunter.tech\\\/wp-content\\\/uploads\\\/2024\\\/09\\\/cropped-THT-logo-web.png\",\"width\":2150,\"height\":1067,\"caption\":\"TheHunter.tech\"},\"image\":{\"@id\":\"https:\\\/\\\/thehunter.tech\\\/#\\\/schema\\\/logo\\\/image\\\/\"}}]}<\/script>\n<!-- \/ Yoast SEO plugin. -->","yoast_head_json":{"title":"Busqueda de CTO - TheHunter.tech","robots":{"index":"index","follow":"follow","max-snippet":"max-snippet:-1","max-image-preview":"max-image-preview:large","max-video-preview":"max-video-preview:-1"},"canonical":"https:\/\/thehunter.tech\/en\/busqueda-de-cto\/","og_locale":"en_GB","og_type":"article","og_title":"Busqueda de CTO - TheHunter.tech","og_description":"B\u00fasqueda de Chief Technology Officer (CTO) Caracter\u00edsticas Clave del Rol Beneficios de Contratar este Rol Proceso de Selecci\u00f3n En TheHunter.tech, nos especializamos en identificar l\u00edderes tecnol\u00f3gicos que puedan impulsar tanto la eficiencia operativa como la innovaci\u00f3n. Nuestro enfoque garantiza que encontraremos al CTO ideal para llevar a tu empresa a la vanguardia tecnol\u00f3gica.","og_url":"https:\/\/thehunter.tech\/en\/busqueda-de-cto\/","og_site_name":"TheHunter.tech","article_modified_time":"2024-09-28T09:34:11+00:00","twitter_card":"summary_large_image","twitter_misc":{"Estimated reading time":"2 minutes"},"schema":{"@context":"https:\/\/schema.org","@graph":[{"@type":"WebPage","@id":"https:\/\/thehunter.tech\/busqueda-de-cto\/","url":"https:\/\/thehunter.tech\/busqueda-de-cto\/","name":"Busqueda de CTO - TheHunter.tech","isPartOf":{"@id":"https:\/\/thehunter.tech\/#website"},"datePublished":"2024-09-20T16:42:48+00:00","dateModified":"2024-09-28T09:34:11+00:00","breadcrumb":{"@id":"https:\/\/thehunter.tech\/busqueda-de-cto\/#breadcrumb"},"inLanguage":"en-GB","potentialAction":[{"@type":"ReadAction","target":["https:\/\/thehunter.tech\/busqueda-de-cto\/"]}]},{"@type":"BreadcrumbList","@id":"https:\/\/thehunter.tech\/busqueda-de-cto\/#breadcrumb","itemListElement":[{"@type":"ListItem","position":1,"name":"Home","item":"https:\/\/thehunter.tech\/"},{"@type":"ListItem","position":2,"name":"Busqueda de CTO"}]},{"@type":"WebSite","@id":"https:\/\/thehunter.tech\/#website","url":"https:\/\/thehunter.tech\/","name":"TheHunter.tech","description":"","publisher":{"@id":"https:\/\/thehunter.tech\/#organization"},"potentialAction":[{"@type":"SearchAction","target":{"@type":"EntryPoint","urlTemplate":"https:\/\/thehunter.tech\/?s={search_term_string}"},"query-input":{"@type":"PropertyValueSpecification","valueRequired":true,"valueName":"search_term_string"}}],"inLanguage":"en-GB"},{"@type":"Organization","@id":"https:\/\/thehunter.tech\/#organization","name":"TheHunter.tech","url":"https:\/\/thehunter.tech\/","logo":{"@type":"ImageObject","inLanguage":"en-GB","@id":"https:\/\/thehunter.tech\/#\/schema\/logo\/image\/","url":"https:\/\/thehunter.tech\/wp-content\/uploads\/2024\/09\/cropped-THT-logo-web.png","contentUrl":"https:\/\/thehunter.tech\/wp-content\/uploads\/2024\/09\/cropped-THT-logo-web.png","width":2150,"height":1067,"caption":"TheHunter.tech"},"image":{"@id":"https:\/\/thehunter.tech\/#\/schema\/logo\/image\/"}}]}},"uagb_featured_image_src":{"full":false,"thumbnail":false,"medium":false,"medium_large":false,"large":false,"1536x1536":false,"2048x2048":false,"trp-custom-language-flag":false,"woocommerce_thumbnail":false,"woocommerce_single":false,"woocommerce_gallery_thumbnail":false},"uagb_author_info":{"display_name":"thehuntertech","author_link":"https:\/\/thehunter.tech\/en\/author\/thehuntertech\/"},"uagb_comment_info":0,"uagb_excerpt":"B\u00fasqueda de Chief Technology Officer (CTO) Caracter\u00edsticas Clave del Rol Beneficios de Contratar este Rol Proceso de Selecci\u00f3n En TheHunter.tech, nos especializamos en identificar l\u00edderes tecnol\u00f3gicos que puedan impulsar tanto la eficiencia operativa como la innovaci\u00f3n. Nuestro enfoque garantiza que encontraremos al CTO ideal para llevar a tu empresa a la vanguardia tecnol\u00f3gica.","_links":{"self":[{"href":"https:\/\/thehunter.tech\/en\/wp-json\/wp\/v2\/pages\/2126","targetHints":{"allow":["GET"]}}],"collection":[{"href":"https:\/\/thehunter.tech\/en\/wp-json\/wp\/v2\/pages"}],"about":[{"href":"https:\/\/thehunter.tech\/en\/wp-json\/wp\/v2\/types\/page"}],"author":[{"embeddable":true,"href":"https:\/\/thehunter.tech\/en\/wp-json\/wp\/v2\/users\/1"}],"replies":[{"embeddable":true,"href":"https:\/\/thehunter.tech\/en\/wp-json\/wp\/v2\/comments?post=2126"}],"version-history":[{"count":3,"href":"https:\/\/thehunter.tech\/en\/wp-json\/wp\/v2\/pages\/2126\/revisions"}],"predecessor-version":[{"id":2718,"href":"https:\/\/thehunter.tech\/en\/wp-json\/wp\/v2\/pages\/2126\/revisions\/2718"}],"wp:attachment":[{"href":"https:\/\/thehunter.tech\/en\/wp-json\/wp\/v2\/media?parent=2126"}],"curies":[{"name":"wp","href":"https:\/\/api.w.org\/{rel}","templated":true}]}}