{"id":703,"date":"2024-09-15T15:56:01","date_gmt":"2024-09-15T15:56:01","guid":{"rendered":"https:\/\/thehunter.tech\/contact-us\/"},"modified":"2024-09-27T04:10:08","modified_gmt":"2024-09-27T04:10:08","slug":"contacto","status":"publish","type":"page","link":"https:\/\/thehunter.tech\/en\/contacto\/","title":{"rendered":"Contact"},"content":{"rendered":"<div class=\"wp-block-uagb-container uagb-block-e83af848 alignfull uagb-is-root-container\">\n<div class=\"wp-block-uagb-container uagb-block-598344be\">\n<div class=\"wp-block-uagb-advanced-heading uagb-block-bc158ecb\"><div class=\"uagb-separator\"><\/div><h1 class=\"uagb-heading-text\">Contact us<\/h1><p class=\"uagb-desc-text\">Thank you for your interest in TheHunter.tech. Our team is at your disposal. &nbsp;<\/p><\/div>\n<\/div>\n<\/div>\n\n\n\n<div class=\"wp-block-uagb-container uagb-block-f15dbbdf alignfull uagb-is-root-container\">\n<div class=\"wp-block-uagb-container uagb-block-fe590ec4\">\n<div class=\"wp-block-uagb-container uagb-block-a23b1f76\">\n<div class=\"wp-block-uagb-advanced-heading uagb-block-d0d91fe9\"><div class=\"uagb-separator\"><\/div><h3 class=\"uagb-heading-text\">Contact<\/h3><p class=\"uagb-desc-text\">To contact our team, please fill in the information requested below. One of our professionals will contact you shortly.<gwmw style=\"display:none;\"><\/gwmw><\/p><\/div>\n\n\n\n<div class=\"wp-block-uagb-advanced-heading uagb-block-0947d6fb\"><div class=\"uagb-separator\"><\/div><\/div>\n\n\n\n<div class=\"wp-block-uagb-icon-list uagb-block-3beffe7b\"><div class=\"uagb-icon-list__wrap\">\n<div class=\"wp-block-uagb-icon-list-child uagb-block-80a5874a\"><span class=\"uagb-icon-list__source-wrap\"><svg xmlns=\"https:\/\/www.w3.org\/2000\/svg\" viewbox=\"0 0 512 512\"><path d=\"M464 64C490.5 64 512 85.49 512 112C512 127.1 504.9 141.3 492.8 150.4L275.2 313.6C263.8 322.1 248.2 322.1 236.8 313.6L19.2 150.4C7.113 141.3 0 127.1 0 112C0 85.49 21.49 64 48 64H464zM217.6 339.2C240.4 356.3 271.6 356.3 294.4 339.2L512 176V384C512 419.3 483.3 448 448 448H64C28.65 448 0 419.3 0 384V176L217.6 339.2z\"><\/path><\/svg><\/span><span class=\"uagb-icon-list__label\">info@thehunter.tech<\/span><\/div>\n\n\n\n<div class=\"wp-block-uagb-icon-list-child uagb-block-a00c21af\"><span class=\"uagb-icon-list__source-wrap\"><svg xmlns=\"https:\/\/www.w3.org\/2000\/svg\" viewbox=\"0 0 512 512\"><path d=\"M511.2 387l-23.25 100.8c-3.266 14.25-15.79 24.22-30.46 24.22C205.2 512 0 306.8 0 54.5c0-14.66 9.969-27.2 24.22-30.45l100.8-23.25C139.7-2.602 154.7 5.018 160.8 18.92l46.52 108.5c5.438 12.78 1.77 27.67-8.98 36.45L144.5 207.1c33.98 69.22 90.26 125.5 159.5 159.5l44.08-53.8c8.688-10.78 23.69-14.51 36.47-8.975l108.5 46.51C506.1 357.2 514.6 372.4 511.2 387z\"><\/path><\/svg><\/span><span class=\"uagb-icon-list__label\">+34 911 087 070<\/span><\/div>\n\n\n\n<div class=\"wp-block-uagb-icon-list-child uagb-block-5d2ae9a7\"><span class=\"uagb-icon-list__source-wrap\"><svg xmlns=\"https:\/\/www.w3.org\/2000\/svg\" viewbox=\"0 0 384 512\"><path d=\"M168.3 499.2C116.1 435 0 279.4 0 192C0 85.96 85.96 0 192 0C298 0 384 85.96 384 192C384 279.4 267 435 215.7 499.2C203.4 514.5 180.6 514.5 168.3 499.2H168.3zM192 256C227.3 256 256 227.3 256 192C256 156.7 227.3 128 192 128C156.7 128 128 156.7 128 192C128 227.3 156.7 256 192 256z\"><\/path><\/svg><\/span><span class=\"uagb-icon-list__label\">Calle Vel\u00e1zquez, 10. 1\u00aa planta.  Madrid  28001<\/span><\/div>\n<\/div><\/div>\n<\/div>\n\n\n\n<div class=\"wp-block-uagb-container uagb-block-10c090a5\">\n<div class=\"wp-block-uagb-forms uagb-forms__outer-wrap uagb-block-16f0dd29 uagb-forms__default-btn\"><form class=\"uagb-forms-main-form\" method=\"post\" autocomplete=\"on\" name=\"uagb-form-16f0dd29\" action=\"\">\n<div class=\"wp-block-uagb-forms-name uagb-forms-name-wrap uagb-forms-field-set uagb-block-9254d861\"><div class=\"uagb-forms-name-label required uagb-forms-input-label\" id=\"9254d861\"><strong>First Name<\/strong><\/div><input type=\"text\" placeholder=\"Full name\" required class=\"uagb-forms-name-input uagb-forms-input\" name=\"9254d861\" autocomplete=\"given-name\"\/><\/div>\n\n\n\n<div class=\"wp-block-uagb-forms-email uagb-forms-email-wrap uagb-forms-field-set uagb-block-9fd990b1\"><div class=\"uagb-forms-email-label required uagb-forms-input-label\" id=\"9fd990b1\"><strong>Email<\/strong><\/div><input type=\"email\" class=\"uagb-forms-email-input uagb-forms-input\" placeholder=\"Main Email\" required name=\"9fd990b1\" autocomplete=\"email\"\/><\/div>\n\n\n\n<div class=\"wp-block-uagb-forms-textarea uagb-forms-textarea-wrap uagb-forms-field-set uagb-block-47920013\"><div class=\"uagb-forms-textarea-label required uagb-forms-input-label\" id=\"47920013\"><strong>Me<\/strong>Message<\/div><textarea required class=\"uagb-forms-textarea-input uagb-forms-input\" rows=\"4\" placeholder=\"\" name=\"47920013\" autocomplete=\"off\"><\/textarea><\/div>\n<div class=\"uagb-forms-form-hidden-data\"><input type=\"hidden\" id=\"g-recaptcha-response\" class=\"uagb-forms-recaptcha\"\/><input type=\"hidden\" class=\"uagb_forms_form_label\" value=\"Spectra Form\"\/><input type=\"hidden\" class=\"uagb_forms_form_id\" value=\"uagb-form-16f0dd29\"\/><\/div><div class=\"g-recaptcha uagb-forms-field-set\" data-sitekey=\"\"><\/div><div class=\"uagb-form-reacaptcha-error-16f0dd29\"><\/div><div class=\"uagb-forms-main-submit-button-wrap wp-block-button\"><button class=\"uagb-forms-main-submit-button ast-outline-button\" style=\"border-width:revert-layer\"><div class=\"uagb-forms-main-submit-button-text\">SEND MESSAGE<\/div><\/button><\/div><input type=\"hidden\" name=\"trp-form-language\" value=\"en\"\/><\/form><div class=\"uagb-forms-success-message-16f0dd29 uagb-forms-submit-message-hide\"><span>\u00a1Ya hemos recibido su mensaje!<\/span><\/div><div class=\"uagb-forms-failed-message-16f0dd29 uagb-forms-submit-message-hide\"><span>Ups! No hemos podido recibir su mensaje. Por favor, verifique los campos.<\/span><\/div><\/div>\n<\/div>\n<\/div>\n<\/div>\n\n\n\n<div class=\"wp-block-uagb-container uagb-block-8767bd36 alignfull uagb-is-root-container\">\t\t\t<div \n\t\t\tclass=\"wp-block-uagb-google-map uagb-google-map__wrap uagb-block-bb338bcb\"\n\t\t\tstyle=\"\" >\n\t\t\t\t<embed\n\t\t\t\t\tclass=\"uagb-google-map__iframe\"\n\t\t\t\t\ttitle=\"Google Map for \"\n\t\t\t\t\tsrc=\"https:\/\/maps.google.com\/maps?q=Calle%20Vel%C3%A1zquez%2010%20Madrid&#038;z=10&#038;hl=es&#038;t=m&#038;output=embed&#038;iwloc=near\"\n\t\t\t\t\twidth=\"640\"\n\t\t\t\t\theight=\"480\"\n\t\t\t\t\tloading=\"lazy\"\n\t\t\t\t><\/embed>\n\t\t\t<\/div>\n\t\t\t<\/div>","protected":false},"excerpt":{"rendered":"<p>Contacta con nosotros Gracias por tu inter\u00e9s en TheHunter.tech. Nuestro equipo est\u00e1 a tu disposici\u00f3n. &nbsp; Contacta Para ponerte en contacto con nuestro equipo, por favor rellena los datos solicitados a continuaci\u00f3n. Uno de nuestros profesionales se comunicar\u00e1 contigo muy pronto.<\/p>","protected":false},"author":1,"featured_media":0,"parent":0,"menu_order":0,"comment_status":"closed","ping_status":"closed","template":"","meta":{"_uag_custom_page_level_css":"","site-sidebar-layout":"default","site-content-layout":"page-builder","ast-site-content-layout":"full-width-container","site-content-style":"unboxed","site-sidebar-style":"unboxed","ast-global-header-display":"","ast-banner-title-visibility":"","ast-main-header-display":"","ast-hfb-above-header-display":"","ast-hfb-below-header-display":"","ast-hfb-mobile-header-display":"","site-post-title":"disabled","ast-breadcrumbs-content":"","ast-featured-img":"","footer-sml-layout":"","ast-disable-related-posts":"","theme-transparent-header-meta":"enabled","adv-header-id-meta":"","stick-header-meta":"","header-above-stick-meta":"","header-main-stick-meta":"","header-below-stick-meta":"","astra-migrate-meta-layouts":"set","ast-page-background-enabled":"default","ast-page-background-meta":{"desktop":{"background-color":"var(--ast-global-color-4)","background-image":"","background-repeat":"repeat","background-position":"center center","background-size":"auto","background-attachment":"scroll","background-type":"","background-media":"","overlay-type":"","overlay-color":"","overlay-opacity":"","overlay-gradient":""},"tablet":{"background-color":"","background-image":"","background-repeat":"repeat","background-position":"center center","background-size":"auto","background-attachment":"scroll","background-type":"","background-media":"","overlay-type":"","overlay-color":"","overlay-opacity":"","overlay-gradient":""},"mobile":{"background-color":"","background-image":"","background-repeat":"repeat","background-position":"center center","background-size":"auto","background-attachment":"scroll","background-type":"","background-media":"","overlay-type":"","overlay-color":"","overlay-opacity":"","overlay-gradient":""}},"ast-content-background-meta":{"desktop":{"background-color":"var(--ast-global-color-5)","background-image":"","background-repeat":"repeat","background-position":"center center","background-size":"auto","background-attachment":"scroll","background-type":"","background-media":"","overlay-type":"","overlay-color":"","overlay-opacity":"","overlay-gradient":""},"tablet":{"background-color":"var(--ast-global-color-5)","background-image":"","background-repeat":"repeat","background-position":"center center","background-size":"auto","background-attachment":"scroll","background-type":"","background-media":"","overlay-type":"","overlay-color":"","overlay-opacity":"","overlay-gradient":""},"mobile":{"background-color":"var(--ast-global-color-5)","background-image":"","background-repeat":"repeat","background-position":"center center","background-size":"auto","background-attachment":"scroll","background-type":"","background-media":"","overlay-type":"","overlay-color":"","overlay-opacity":"","overlay-gradient":""}},"footnotes":""},"class_list":["post-703","page","type-page","status-publish","hentry"],"yoast_head":"<!-- This site is optimized with the Yoast SEO plugin v27.5 - https:\/\/yoast.com\/product\/yoast-seo-wordpress\/ -->\n<title>Contacto - TheHunter.tech<\/title>\n<meta name=\"robots\" content=\"index, follow, max-snippet:-1, max-image-preview:large, max-video-preview:-1\" \/>\n<link rel=\"canonical\" href=\"https:\/\/thehunter.tech\/en\/contacto\/\" \/>\n<meta property=\"og:locale\" content=\"en_GB\" \/>\n<meta property=\"og:type\" content=\"article\" \/>\n<meta property=\"og:title\" content=\"Contacto - TheHunter.tech\" \/>\n<meta property=\"og:description\" content=\"Contacta con nosotros Gracias por tu inter\u00e9s en TheHunter.tech. Nuestro equipo est\u00e1 a tu disposici\u00f3n. &nbsp; Contacta Para ponerte en contacto con nuestro equipo, por favor rellena los datos solicitados a continuaci\u00f3n. Uno de nuestros profesionales se comunicar\u00e1 contigo muy pronto.\" \/>\n<meta property=\"og:url\" content=\"https:\/\/thehunter.tech\/en\/contacto\/\" \/>\n<meta property=\"og:site_name\" content=\"TheHunter.tech\" \/>\n<meta property=\"article:modified_time\" content=\"2024-09-27T04:10:08+00:00\" \/>\n<meta name=\"twitter:card\" content=\"summary_large_image\" \/>\n<meta name=\"twitter:label1\" content=\"Estimated reading time\" \/>\n\t<meta name=\"twitter:data1\" content=\"1 minute\" \/>\n<script type=\"application\/ld+json\" class=\"yoast-schema-graph\">{\"@context\":\"https:\\\/\\\/schema.org\",\"@graph\":[{\"@type\":\"WebPage\",\"@id\":\"https:\\\/\\\/thehunter.tech\\\/contacto\\\/\",\"url\":\"https:\\\/\\\/thehunter.tech\\\/contacto\\\/\",\"name\":\"Contacto - TheHunter.tech\",\"isPartOf\":{\"@id\":\"https:\\\/\\\/thehunter.tech\\\/#website\"},\"datePublished\":\"2024-09-15T15:56:01+00:00\",\"dateModified\":\"2024-09-27T04:10:08+00:00\",\"breadcrumb\":{\"@id\":\"https:\\\/\\\/thehunter.tech\\\/contacto\\\/#breadcrumb\"},\"inLanguage\":\"en-GB\",\"potentialAction\":[{\"@type\":\"ReadAction\",\"target\":[\"https:\\\/\\\/thehunter.tech\\\/contacto\\\/\"]}]},{\"@type\":\"BreadcrumbList\",\"@id\":\"https:\\\/\\\/thehunter.tech\\\/contacto\\\/#breadcrumb\",\"itemListElement\":[{\"@type\":\"ListItem\",\"position\":1,\"name\":\"Home\",\"item\":\"https:\\\/\\\/thehunter.tech\\\/\"},{\"@type\":\"ListItem\",\"position\":2,\"name\":\"Contacto\"}]},{\"@type\":\"WebSite\",\"@id\":\"https:\\\/\\\/thehunter.tech\\\/#website\",\"url\":\"https:\\\/\\\/thehunter.tech\\\/\",\"name\":\"TheHunter.tech\",\"description\":\"\",\"publisher\":{\"@id\":\"https:\\\/\\\/thehunter.tech\\\/#organization\"},\"potentialAction\":[{\"@type\":\"SearchAction\",\"target\":{\"@type\":\"EntryPoint\",\"urlTemplate\":\"https:\\\/\\\/thehunter.tech\\\/?s={search_term_string}\"},\"query-input\":{\"@type\":\"PropertyValueSpecification\",\"valueRequired\":true,\"valueName\":\"search_term_string\"}}],\"inLanguage\":\"en-GB\"},{\"@type\":\"Organization\",\"@id\":\"https:\\\/\\\/thehunter.tech\\\/#organization\",\"name\":\"TheHunter.tech\",\"url\":\"https:\\\/\\\/thehunter.tech\\\/\",\"logo\":{\"@type\":\"ImageObject\",\"inLanguage\":\"en-GB\",\"@id\":\"https:\\\/\\\/thehunter.tech\\\/#\\\/schema\\\/logo\\\/image\\\/\",\"url\":\"https:\\\/\\\/thehunter.tech\\\/wp-content\\\/uploads\\\/2024\\\/09\\\/cropped-THT-logo-web.png\",\"contentUrl\":\"https:\\\/\\\/thehunter.tech\\\/wp-content\\\/uploads\\\/2024\\\/09\\\/cropped-THT-logo-web.png\",\"width\":2150,\"height\":1067,\"caption\":\"TheHunter.tech\"},\"image\":{\"@id\":\"https:\\\/\\\/thehunter.tech\\\/#\\\/schema\\\/logo\\\/image\\\/\"}}]}<\/script>\n<!-- \/ Yoast SEO plugin. -->","yoast_head_json":{"title":"Contacto - TheHunter.tech","robots":{"index":"index","follow":"follow","max-snippet":"max-snippet:-1","max-image-preview":"max-image-preview:large","max-video-preview":"max-video-preview:-1"},"canonical":"https:\/\/thehunter.tech\/en\/contacto\/","og_locale":"en_GB","og_type":"article","og_title":"Contacto - TheHunter.tech","og_description":"Contacta con nosotros Gracias por tu inter\u00e9s en TheHunter.tech. Nuestro equipo est\u00e1 a tu disposici\u00f3n. &nbsp; Contacta Para ponerte en contacto con nuestro equipo, por favor rellena los datos solicitados a continuaci\u00f3n. Uno de nuestros profesionales se comunicar\u00e1 contigo muy pronto.","og_url":"https:\/\/thehunter.tech\/en\/contacto\/","og_site_name":"TheHunter.tech","article_modified_time":"2024-09-27T04:10:08+00:00","twitter_card":"summary_large_image","twitter_misc":{"Estimated reading time":"1 minute"},"schema":{"@context":"https:\/\/schema.org","@graph":[{"@type":"WebPage","@id":"https:\/\/thehunter.tech\/contacto\/","url":"https:\/\/thehunter.tech\/contacto\/","name":"Contacto - TheHunter.tech","isPartOf":{"@id":"https:\/\/thehunter.tech\/#website"},"datePublished":"2024-09-15T15:56:01+00:00","dateModified":"2024-09-27T04:10:08+00:00","breadcrumb":{"@id":"https:\/\/thehunter.tech\/contacto\/#breadcrumb"},"inLanguage":"en-GB","potentialAction":[{"@type":"ReadAction","target":["https:\/\/thehunter.tech\/contacto\/"]}]},{"@type":"BreadcrumbList","@id":"https:\/\/thehunter.tech\/contacto\/#breadcrumb","itemListElement":[{"@type":"ListItem","position":1,"name":"Home","item":"https:\/\/thehunter.tech\/"},{"@type":"ListItem","position":2,"name":"Contacto"}]},{"@type":"WebSite","@id":"https:\/\/thehunter.tech\/#website","url":"https:\/\/thehunter.tech\/","name":"TheHunter.tech","description":"","publisher":{"@id":"https:\/\/thehunter.tech\/#organization"},"potentialAction":[{"@type":"SearchAction","target":{"@type":"EntryPoint","urlTemplate":"https:\/\/thehunter.tech\/?s={search_term_string}"},"query-input":{"@type":"PropertyValueSpecification","valueRequired":true,"valueName":"search_term_string"}}],"inLanguage":"en-GB"},{"@type":"Organization","@id":"https:\/\/thehunter.tech\/#organization","name":"TheHunter.tech","url":"https:\/\/thehunter.tech\/","logo":{"@type":"ImageObject","inLanguage":"en-GB","@id":"https:\/\/thehunter.tech\/#\/schema\/logo\/image\/","url":"https:\/\/thehunter.tech\/wp-content\/uploads\/2024\/09\/cropped-THT-logo-web.png","contentUrl":"https:\/\/thehunter.tech\/wp-content\/uploads\/2024\/09\/cropped-THT-logo-web.png","width":2150,"height":1067,"caption":"TheHunter.tech"},"image":{"@id":"https:\/\/thehunter.tech\/#\/schema\/logo\/image\/"}}]}},"uagb_featured_image_src":{"full":false,"thumbnail":false,"medium":false,"medium_large":false,"large":false,"1536x1536":false,"2048x2048":false,"trp-custom-language-flag":false,"woocommerce_thumbnail":false,"woocommerce_single":false,"woocommerce_gallery_thumbnail":false},"uagb_author_info":{"display_name":"thehuntertech","author_link":"https:\/\/thehunter.tech\/en\/author\/thehuntertech\/"},"uagb_comment_info":0,"uagb_excerpt":"Contacta con nosotros Gracias por tu inter\u00e9s en TheHunter.tech. Nuestro equipo est\u00e1 a tu disposici\u00f3n. &nbsp; Contacta Para ponerte en contacto con nuestro equipo, por favor rellena los datos solicitados a continuaci\u00f3n. Uno de nuestros profesionales se comunicar\u00e1 contigo muy pronto.","_links":{"self":[{"href":"https:\/\/thehunter.tech\/en\/wp-json\/wp\/v2\/pages\/703","targetHints":{"allow":["GET"]}}],"collection":[{"href":"https:\/\/thehunter.tech\/en\/wp-json\/wp\/v2\/pages"}],"about":[{"href":"https:\/\/thehunter.tech\/en\/wp-json\/wp\/v2\/types\/page"}],"author":[{"embeddable":true,"href":"https:\/\/thehunter.tech\/en\/wp-json\/wp\/v2\/users\/1"}],"replies":[{"embeddable":true,"href":"https:\/\/thehunter.tech\/en\/wp-json\/wp\/v2\/comments?post=703"}],"version-history":[{"count":11,"href":"https:\/\/thehunter.tech\/en\/wp-json\/wp\/v2\/pages\/703\/revisions"}],"predecessor-version":[{"id":2691,"href":"https:\/\/thehunter.tech\/en\/wp-json\/wp\/v2\/pages\/703\/revisions\/2691"}],"wp:attachment":[{"href":"https:\/\/thehunter.tech\/en\/wp-json\/wp\/v2\/media?parent=703"}],"curies":[{"name":"wp","href":"https:\/\/api.w.org\/{rel}","templated":true}]}}